{"id":78,"date":"2020-06-04T02:15:04","date_gmt":"2020-06-04T02:15:04","guid":{"rendered":"https:\/\/enabolco.amarillas.bo\/en\/?page_id=78"},"modified":"2020-07-16T06:15:06","modified_gmt":"2020-07-16T06:15:06","slug":"videos","status":"publish","type":"page","link":"http:\/\/enabolco.com\/en\/videos\/","title":{"rendered":"Videos"},"content":{"rendered":"\n<div class=\"row\">\n\t<div class=\"col-md-6\">\n\t\t<iframe style=\"width:100%; min-height:320px; \" src=\"https:\/\/www.youtube.com\/embed\/3VlsDLJt5-I?wmode=transparent&amp;rel=0&amp;fs=1&amp;autoplay=0\" rel=\"videobox.sig1\" id=\"_vbVideo_3047273043\" title=\"ENABOLCO - Premio Nacional a la Excelencia Boliviana 2013 (6:45)\" frameborder=\"0\" allow=\"accelerometer; autoplay; encrypted-media; gyroscope; picture-in-picture\" allowfullscreen=\"\">\n\t\t\t<span class=\"vb_video_title\" >ENABOLCO &#8211; Premio Nacional a la Excelencia Boliviana 2013 (6:45)<\/span>\n\t\t<\/iframe>\n\t<\/div>\n\t<div class=\"col-md-6\">\n\t\t<iframe style=\"width:100%; min-height:320px; \" src=\"https:\/\/www.youtube.com\/embed\/fFy8H1AUX_g?wmode=transparent&amp;rel=0&amp;fs=1&amp;autoplay=0\" rel=\"videobox.sig1\" id=\"_vbVideo_4038600253\" title=\"ENABOLCO - Documental institucional (10:46)\" frameborder=\"0\" allow=\"accelerometer; autoplay; encrypted-media; gyroscope; picture-in-picture\" allowfullscreen=\"\">\n\t\t\t<span class=\"vb_video_title\" >ENABOLCO &#8211; Documental institucional (10:46)<\/span>\n\t\t<\/iframe>\n\t<\/div>\n<\/div>\n<div class=\"row\">\n\t<div class=\"col-md-6\">\n\t\t<iframe style=\"width:100%; min-height:320px; \" src=\"https:\/\/www.youtube.com\/embed\/VfWMJqac3lA?wmode=transparent&amp;rel=0&amp;fs=1&amp;autoplay=0\" rel=\"videobox.sig1\" id=\"_vbVideo_2215174175\" title=\"ENABOLCO - Santa Cruz Bolivia 2014 (20:43)\" frameborder=\"0\" allow=\"accelerometer; autoplay; encrypted-media; gyroscope; picture-in-picture\" allowfullscreen=\"\">\n\t\t\t<span class=\"vb_video_title\" >ENABOLCO &#8211; Santa Cruz Bolivia 2014 (20:43)<\/span>\n\t\t<\/iframe>\n\t<\/div>\n\t<div class=\"col-md-6\">\n\t\t<iframe style=\"width:100%; min-height:320px; \" src=\"https:\/\/www.youtube.com\/embed\/vnPNGx0P88Q?wmode=transparent&amp;rel=0&amp;fs=1&amp;autoplay=0\" rel=\"videobox.sig1\" id=\"_vbVideo_3825855247\" title=\"ENABOLCO(0:40)\" frameborder=\"0\" allow=\"accelerometer; autoplay; encrypted-media; gyroscope; picture-in-picture\" allowfullscreen=\"\">\n\t\t\t<span class=\"vb_video_title\" >ENABOLCO(0:40)<\/span>\n\t\t<\/iframe>\n\t<\/div>\n<\/div>\n<div class=\"row\">\n\t<div class=\"col-md-6\">\n\t\t<iframe style=\"width:100%; min-height:320px; \" src=\"https:\/\/www.youtube.com\/embed\/z6GJ_M3l4ug?wmode=transparent&amp;rel=0&amp;fs=1&amp;autoplay=0\" rel=\"videobox.sig1\" id=\"_vbVideo_1104362473\" title=\"Contruyendo Pa\u00eds(0:34)\" frameborder=\"0\" allow=\"accelerometer; autoplay; encrypted-media; gyroscope; picture-in-picture\" allowfullscreen=\"\">\n\t\t\t<span class=\"vb_video_title\" >Contruyendo Pa\u00eds(0:34)<\/span>\n\t\t<\/iframe>\n\t<\/div>\n\t<div class=\"col-md-6\">\n\t\t<iframe style=\"width:100%; min-height:320px; \" src=\"https:\/\/www.youtube.com\/embed\/NlcQtnXRBtY?wmode=transparent&amp;rel=0&amp;fs=1&amp;autoplay=0\" rel=\"videobox.sig1\" id=\"_vbVideo_23790609\" title=\"Pablo Reynolds entrevist\u00f3 a Federico Diez de Medina de ENABOLCO (24:26)\" frameborder=\"0\" allow=\"accelerometer; autoplay; encrypted-media; gyroscope; picture-in-picture\" allowfullscreen=\"\">\n\t\t\t<span class=\"vb_video_title\" >Pablo Reynolds entrevist\u00f3 a Federico Diez de Medina de ENABOLCO (24:26)<\/span>\n\t\t<\/iframe>\n\t<\/div>\n<\/div>\n<div class=\"row\">\n\t<div class=\"col-md-6\">\n\t\t<iframe style=\"width:100%; min-height:320px; \" src=\"https:\/\/www.youtube.com\/embed\/ZAS_Gq91jCY?wmode=transparent&amp;rel=0&amp;fs=1&amp;autoplay=0\" rel=\"videobox.sig1\" id=\"_vbVideo_1404626401\" title=\"ATB - Bolivia Pa\u00eds de Oportunidades (1:28)\" frameborder=\"0\" allow=\"accelerometer; autoplay; encrypted-media; gyroscope; picture-in-picture\" allowfullscreen=\"\">\n\t\t\t<span class=\"vb_video_title\" >ATB &#8211; Bolivia Pa\u00eds de Oportunidades (1:28)<\/span>\n\t\t<\/iframe>\n\t<\/div>\n\t<div class=\"col-md-6\">\n\t\t<iframe style=\"width:100%; min-height:320px; \" src=\"https:\/\/www.youtube.com\/embed\/3VlsDLJt5-I\" frameborder=\"0\" allow=\"accelerometer; autoplay; encrypted-media; gyroscope; picture-in-picture\" allowfullscreen=\"\"><\/iframe>\n\t<\/div>\n<\/div>\n","protected":false},"excerpt":{"rendered":"<p>ENABOLCO &#8211; Premio Nacional a la Excelencia Boliviana 2013 (6:45) ENABOLCO &#8211; Documental institucional (10:46) ENABOLCO &#8211; Santa Cruz Bolivia 2014 (20:43) ENABOLCO(0:40) Contruyendo Pa\u00eds(0:34) Pablo Reynolds entrevist\u00f3 a Federico Diez de Medina de ENABOLCO (24:26) ATB &#8211; Bolivia Pa\u00eds de Oportunidades (1:28)<\/p>\n","protected":false},"author":1,"featured_media":0,"parent":0,"menu_order":0,"comment_status":"closed","ping_status":"closed","template":"page_white.php","meta":{"footnotes":""},"class_list":["post-78","page","type-page","status-publish","hentry"],"yoast_head":"<!-- This site is optimized with the Yoast SEO plugin v20.3 - https:\/\/yoast.com\/wordpress\/plugins\/seo\/ -->\n<title>Videos - ENABOLCO<\/title>\n<meta name=\"robots\" content=\"index, follow, max-snippet:-1, max-image-preview:large, max-video-preview:-1\" \/>\n<link rel=\"canonical\" href=\"https:\/\/enabolco.com\/en\/videos\/\" \/>\n<meta property=\"og:locale\" content=\"en_US\" \/>\n<meta property=\"og:type\" content=\"article\" \/>\n<meta property=\"og:title\" content=\"Videos - ENABOLCO\" \/>\n<meta property=\"og:description\" content=\"ENABOLCO &#8211; Premio Nacional a la Excelencia Boliviana 2013 (6:45) ENABOLCO &#8211; Documental institucional (10:46) ENABOLCO &#8211; Santa Cruz Bolivia 2014 (20:43) ENABOLCO(0:40) Contruyendo Pa\u00eds(0:34) Pablo Reynolds entrevist\u00f3 a Federico Diez de Medina de ENABOLCO (24:26) ATB &#8211; Bolivia Pa\u00eds de Oportunidades (1:28)\" \/>\n<meta property=\"og:url\" content=\"https:\/\/enabolco.com\/en\/videos\/\" \/>\n<meta property=\"og:site_name\" content=\"ENABOLCO\" \/>\n<meta property=\"article:modified_time\" content=\"2020-07-16T06:15:06+00:00\" \/>\n<meta name=\"twitter:card\" content=\"summary_large_image\" \/>\n<script type=\"application\/ld+json\" class=\"yoast-schema-graph\">{\"@context\":\"https:\/\/schema.org\",\"@graph\":[{\"@type\":\"WebPage\",\"@id\":\"https:\/\/enabolco.com\/en\/videos\/\",\"url\":\"https:\/\/enabolco.com\/en\/videos\/\",\"name\":\"Videos - ENABOLCO\",\"isPartOf\":{\"@id\":\"https:\/\/enabolco.com\/en\/#website\"},\"datePublished\":\"2020-06-04T02:15:04+00:00\",\"dateModified\":\"2020-07-16T06:15:06+00:00\",\"breadcrumb\":{\"@id\":\"https:\/\/enabolco.com\/en\/videos\/#breadcrumb\"},\"inLanguage\":\"en-US\",\"potentialAction\":[{\"@type\":\"ReadAction\",\"target\":[\"https:\/\/enabolco.com\/en\/videos\/\"]}]},{\"@type\":\"BreadcrumbList\",\"@id\":\"https:\/\/enabolco.com\/en\/videos\/#breadcrumb\",\"itemListElement\":[{\"@type\":\"ListItem\",\"position\":1,\"name\":\"Portada\",\"item\":\"https:\/\/enabolco.com\/en\/\"},{\"@type\":\"ListItem\",\"position\":2,\"name\":\"Videos\"}]},{\"@type\":\"WebSite\",\"@id\":\"https:\/\/enabolco.com\/en\/#website\",\"url\":\"https:\/\/enabolco.com\/en\/\",\"name\":\"ENABOLCO\",\"description\":\"\",\"potentialAction\":[{\"@type\":\"SearchAction\",\"target\":{\"@type\":\"EntryPoint\",\"urlTemplate\":\"https:\/\/enabolco.com\/en\/?s={search_term_string}\"},\"query-input\":\"required name=search_term_string\"}],\"inLanguage\":\"en-US\"}]}<\/script>\n<!-- \/ Yoast SEO plugin. -->","yoast_head_json":{"title":"Videos - ENABOLCO","robots":{"index":"index","follow":"follow","max-snippet":"max-snippet:-1","max-image-preview":"max-image-preview:large","max-video-preview":"max-video-preview:-1"},"canonical":"https:\/\/enabolco.com\/en\/videos\/","og_locale":"en_US","og_type":"article","og_title":"Videos - ENABOLCO","og_description":"ENABOLCO &#8211; Premio Nacional a la Excelencia Boliviana 2013 (6:45) ENABOLCO &#8211; Documental institucional (10:46) ENABOLCO &#8211; Santa Cruz Bolivia 2014 (20:43) ENABOLCO(0:40) Contruyendo Pa\u00eds(0:34) Pablo Reynolds entrevist\u00f3 a Federico Diez de Medina de ENABOLCO (24:26) ATB &#8211; Bolivia Pa\u00eds de Oportunidades (1:28)","og_url":"https:\/\/enabolco.com\/en\/videos\/","og_site_name":"ENABOLCO","article_modified_time":"2020-07-16T06:15:06+00:00","twitter_card":"summary_large_image","schema":{"@context":"https:\/\/schema.org","@graph":[{"@type":"WebPage","@id":"https:\/\/enabolco.com\/en\/videos\/","url":"https:\/\/enabolco.com\/en\/videos\/","name":"Videos - ENABOLCO","isPartOf":{"@id":"https:\/\/enabolco.com\/en\/#website"},"datePublished":"2020-06-04T02:15:04+00:00","dateModified":"2020-07-16T06:15:06+00:00","breadcrumb":{"@id":"https:\/\/enabolco.com\/en\/videos\/#breadcrumb"},"inLanguage":"en-US","potentialAction":[{"@type":"ReadAction","target":["https:\/\/enabolco.com\/en\/videos\/"]}]},{"@type":"BreadcrumbList","@id":"https:\/\/enabolco.com\/en\/videos\/#breadcrumb","itemListElement":[{"@type":"ListItem","position":1,"name":"Portada","item":"https:\/\/enabolco.com\/en\/"},{"@type":"ListItem","position":2,"name":"Videos"}]},{"@type":"WebSite","@id":"https:\/\/enabolco.com\/en\/#website","url":"https:\/\/enabolco.com\/en\/","name":"ENABOLCO","description":"","potentialAction":[{"@type":"SearchAction","target":{"@type":"EntryPoint","urlTemplate":"https:\/\/enabolco.com\/en\/?s={search_term_string}"},"query-input":"required name=search_term_string"}],"inLanguage":"en-US"}]}},"_links":{"self":[{"href":"http:\/\/enabolco.com\/en\/wp-json\/wp\/v2\/pages\/78","targetHints":{"allow":["GET"]}}],"collection":[{"href":"http:\/\/enabolco.com\/en\/wp-json\/wp\/v2\/pages"}],"about":[{"href":"http:\/\/enabolco.com\/en\/wp-json\/wp\/v2\/types\/page"}],"author":[{"embeddable":true,"href":"http:\/\/enabolco.com\/en\/wp-json\/wp\/v2\/users\/1"}],"replies":[{"embeddable":true,"href":"http:\/\/enabolco.com\/en\/wp-json\/wp\/v2\/comments?post=78"}],"version-history":[{"count":2,"href":"http:\/\/enabolco.com\/en\/wp-json\/wp\/v2\/pages\/78\/revisions"}],"predecessor-version":[{"id":361,"href":"http:\/\/enabolco.com\/en\/wp-json\/wp\/v2\/pages\/78\/revisions\/361"}],"wp:attachment":[{"href":"http:\/\/enabolco.com\/en\/wp-json\/wp\/v2\/media?parent=78"}],"curies":[{"name":"wp","href":"https:\/\/api.w.org\/{rel}","templated":true}]}}